{"id":769,"date":"2024-12-03T14:54:43","date_gmt":"2024-12-03T14:54:43","guid":{"rendered":"https:\/\/idnvent.ee\/?page_id=769"},"modified":"2025-12-12T20:59:51","modified_gmt":"2025-12-12T20:59:51","slug":"uslugi","status":"publish","type":"page","link":"https:\/\/www.idnvent.ee\/et\/uslugi\/","title":{"rendered":"Teenused"},"content":{"rendered":"<div data-elementor-type=\"wp-page\" data-elementor-id=\"769\" class=\"elementor elementor-769\">\n\t\t\t\t<div class=\"elementor-element elementor-element-99cc403 e-flex e-con-boxed e-con e-parent\" data-id=\"99cc403\" data-element_type=\"container\">\n\t\t\t\t\t<div class=\"e-con-inner\">\n\t\t\t\t<div class=\"elementor-element elementor-element-42a8746 elementor-widget elementor-widget-heading\" data-id=\"42a8746\" data-element_type=\"widget\" data-widget_type=\"heading.default\">\n\t\t\t\t<div class=\"elementor-widget-container\">\n\t\t\t\t\t<h2 class=\"elementor-heading-title elementor-size-default\">Teenused<\/h2>\t\t\t\t<\/div>\n\t\t\t\t<\/div>\n\t\t\t\t\t<\/div>\n\t\t\t\t<\/div>\n\t\t<div class=\"elementor-element elementor-element-5a5da13 e-flex e-con-boxed e-con e-parent\" data-id=\"5a5da13\" data-element_type=\"container\">\n\t\t\t\t\t<div class=\"e-con-inner\">\n\t\t<div class=\"elementor-element elementor-element-3d6b54b e-con-full e-flex e-con e-child\" data-id=\"3d6b54b\" data-element_type=\"container\">\n\t\t\t\t<div class=\"elementor-element elementor-element-ff54bf6 elementor-widget elementor-widget-elementskit-blog-posts\" data-id=\"ff54bf6\" data-element_type=\"widget\" data-widget_type=\"elementskit-blog-posts.default\">\n\t\t\t\t<div class=\"elementor-widget-container\">\n\t\t\t\t\t<div class=\"ekit-wid-con\" >        <div id=\"post-items--ff54bf6\" class=\"row post-items\">\n                    <div class=\"col-lg-3 col-md-6\">\n\n                                    <div class=\"elementskit-post-image-card\">\n                        <div class=\"elementskit-entry-header\">\n                                                            <a href=\"https:\/\/www.idnvent.ee\/et\/uslugi\/proektirovanie-sistem\/\" class=\"elementskit-entry-thumb\">\n                                    <img decoding=\"async\" src=\"https:\/\/www.idnvent.ee\/wp-content\/uploads\/2024\/11\/stroit-05.svg\" alt=\"\u041f\u0440\u043e\u0435\u043a\u0442\u0438\u0440\u043e\u0432\u0430\u043d\u0438\u0435 \u0441\u0438\u0441\u0442\u0435\u043c \u0432\u0435\u043d\u0442\u0438\u043b\u044f\u0446\u0438\u0438\">\n                                <\/a><!-- .elementskit-entry-thumb END -->\n                                                            \n                            \n\t\t\t\t\t\t\t\t\t\t\t\t\t<\/div><!-- .elementskit-entry-header END -->\n\n\t\t\t\t\t\t<div class=\"elementskit-post-body\">\n\t\t\t\t\t\t\t\n\t\t\t\t\t\t\t\t\t\t\t\t\t\t\t\t\t\t\t\t\t\t\t\t\t\t\t\t\t\t\n\t\t\t\t\t\t\t\t\n\t\t\t\t\t\t\t\t\t\t\t\t\t\t\t\t\t\t\t\t\t<h2 class=\"entry-title\">\n\t\t\t\t\t<a href=\"https:\/\/www.idnvent.ee\/et\/uslugi\/proektirovanie-sistem\/\">\n\t\t\t\t\t\tVentilatsioonis\u00fcsteemide projekteerimine\t\t\t\t\t<\/a>\n\t\t\t\t<\/h2>\n\t\t\t\t\t\t\t\t\t\t\t\t\t\t\t\t\t\t\t\t\t\t\t\t\t\t\t\t\t\t\t\t                                                    <\/div><!-- .elementskit-post-body END -->\n                    <\/div>\n                \n            <\/div>\n                    <div class=\"col-lg-3 col-md-6\">\n\n                                    <div class=\"elementskit-post-image-card\">\n                        <div class=\"elementskit-entry-header\">\n                                                            <a href=\"https:\/\/www.idnvent.ee\/et\/uslugi\/montazh-ventilyaczii\/\" class=\"elementskit-entry-thumb\">\n                                    <img decoding=\"async\" src=\"https:\/\/www.idnvent.ee\/wp-content\/uploads\/2024\/11\/dom-02.svg\" alt=\"\u041c\u043e\u043d\u0442\u0430\u0436 \u0432\u0435\u043d\u0442\u0438\u043b\u044f\u0446\u0438\u0438\">\n                                <\/a><!-- .elementskit-entry-thumb END -->\n                                                            \n                            \n\t\t\t\t\t\t\t\t\t\t\t\t\t<\/div><!-- .elementskit-entry-header END -->\n\n\t\t\t\t\t\t<div class=\"elementskit-post-body\">\n\t\t\t\t\t\t\t\n\t\t\t\t\t\t\t\t\t\t\t\t\t\t\t\t\t\t\t\t\t\t\t\t\t\t\t\t\t\t\n\t\t\t\t\t\t\t\t\n\t\t\t\t\t\t\t\t\t\t\t\t\t\t\t\t\t\t\t\t\t<h2 class=\"entry-title\">\n\t\t\t\t\t<a href=\"https:\/\/www.idnvent.ee\/et\/uslugi\/montazh-ventilyaczii\/\">\n\t\t\t\t\t\tVentilatsiooni paigaldus\t\t\t\t\t<\/a>\n\t\t\t\t<\/h2>\n\t\t\t\t\t\t\t\t\t\t\t\t\t\t\t\t\t\t\t\t\t\t\t\t\t\t\t\t\t\t\t\t                                                    <\/div><!-- .elementskit-post-body END -->\n                    <\/div>\n                \n            <\/div>\n                    <div class=\"col-lg-3 col-md-6\">\n\n                                    <div class=\"elementskit-post-image-card\">\n                        <div class=\"elementskit-entry-header\">\n                                                            <a href=\"https:\/\/www.idnvent.ee\/et\/uslugi\/ventilyacziya-pod-klyuch\/\" class=\"elementskit-entry-thumb\">\n                                    <img decoding=\"async\" src=\"https:\/\/www.idnvent.ee\/wp-content\/uploads\/2024\/11\/vent-04.svg\" alt=\"\u0412\u0435\u043d\u0442\u0438\u043b\u044f\u0446\u0438\u044f \u00ab\u043f\u043e\u0434\u00a0\u043a\u043b\u044e\u0447\u00bb\">\n                                <\/a><!-- .elementskit-entry-thumb END -->\n                                                            \n                            \n\t\t\t\t\t\t\t\t\t\t\t\t\t<\/div><!-- .elementskit-entry-header END -->\n\n\t\t\t\t\t\t<div class=\"elementskit-post-body\">\n\t\t\t\t\t\t\t\n\t\t\t\t\t\t\t\t\t\t\t\t\t\t\t\t\t\t\t\t\t\t\t\t\t\t\t\t\t\t\n\t\t\t\t\t\t\t\t\n\t\t\t\t\t\t\t\t\t\t\t\t\t\t\t\t\t\t\t\t\t<h2 class=\"entry-title\">\n\t\t\t\t\t<a href=\"https:\/\/www.idnvent.ee\/et\/uslugi\/ventilyacziya-pod-klyuch\/\">\n\t\t\t\t\t\tK\u00f5ik ventilatsioonit\u00f6\u00f6d\t\t\t\t\t<\/a>\n\t\t\t\t<\/h2>\n\t\t\t\t\t\t\t\t\t\t\t\t\t\t\t\t\t\t\t\t\t\t\t\t\t\t\t\t\t\t\t\t                                                    <\/div><!-- .elementskit-post-body END -->\n                    <\/div>\n                \n            <\/div>\n                    <div class=\"col-lg-3 col-md-6\">\n\n                                    <div class=\"elementskit-post-image-card\">\n                        <div class=\"elementskit-entry-header\">\n                                                            <a href=\"https:\/\/www.idnvent.ee\/et\/uslugi\/obsluzhivanie-i-remont\/\" class=\"elementskit-entry-thumb\">\n                                    <img decoding=\"async\" src=\"https:\/\/www.idnvent.ee\/wp-content\/uploads\/2024\/11\/repair-03.svg\" alt=\"\u041e\u0431\u0441\u043b\u0443\u0436\u0438\u0432\u0430\u043d\u0438\u0435 \u0438\u00a0\u0440\u0435\u043c\u043e\u043d\u0442 \u0432\u0435\u043d\u0442\u0438\u043b\u044f\u0446\u0438\u043e\u043d\u043d\u044b\u0445 \u0441\u0438\u0441\u0442\u0435\u043c\">\n                                <\/a><!-- .elementskit-entry-thumb END -->\n                                                            \n                            \n\t\t\t\t\t\t\t\t\t\t\t\t\t<\/div><!-- .elementskit-entry-header END -->\n\n\t\t\t\t\t\t<div class=\"elementskit-post-body\">\n\t\t\t\t\t\t\t\n\t\t\t\t\t\t\t\t\t\t\t\t\t\t\t\t\t\t\t\t\t\t\t\t\t\t\t\t\t\t\n\t\t\t\t\t\t\t\t\n\t\t\t\t\t\t\t\t\t\t\t\t\t\t\t\t\t\t\t\t\t<h2 class=\"entry-title\">\n\t\t\t\t\t<a href=\"https:\/\/www.idnvent.ee\/et\/uslugi\/obsluzhivanie-i-remont\/\">\n\t\t\t\t\t\t\u041e\u0431\u0441\u043b\u0443\u0436\u0438\u0432\u0430\u043d\u0438\u0435 \u0438\u00a0\u0440\u0435\u043c\u043e\u043d\u0442 \u0432\u0435\u043d\u0442\u0438\u043b\u044f\u0446\u0438\u043e\u043d\u043d\u044b\u0445 \u0441\u0438\u0441\u0442\u0435\u043c\t\t\t\t\t<\/a>\n\t\t\t\t<\/h2>\n\t\t\t\t\t\t\t\t\t\t\t\t\t\t\t\t\t\t\t\t\t\t\t\t\t\t\t\t\t\t\t\t                                                    <\/div><!-- .elementskit-post-body END -->\n                    <\/div>\n                \n            <\/div>\n                <\/div>\n       <\/div>\t\t\t\t<\/div>\n\t\t\t\t<\/div>\n\t\t\t\t<\/div>\n\t\t\t\t\t<\/div>\n\t\t\t\t<\/div>\n\t\t\t\t<\/div>","protected":false},"excerpt":{"rendered":"<p>\u0423\u0441\u043b\u0443\u0433\u0438 \u041f\u0440\u043e\u0435\u043a\u0442\u0438\u0440\u043e\u0432\u0430\u043d\u0438\u0435 \u0441\u0438\u0441\u0442\u0435\u043c \u0432\u0435\u043d\u0442\u0438\u043b\u044f\u0446\u0438\u0438 \u041c\u043e\u043d\u0442\u0430\u0436 \u0432\u0435\u043d\u0442\u0438\u043b\u044f\u0446\u0438\u0438 \u0412\u0435\u043d\u0442\u0438\u043b\u044f\u0446\u0438\u044f \u00ab\u043f\u043e\u0434\u00a0\u043a\u043b\u044e\u0447\u00bb \u041e\u0431\u0441\u043b\u0443\u0436\u0438\u0432\u0430\u043d\u0438\u0435 \u0438\u00a0\u0440\u0435\u043c\u043e\u043d\u0442 \u0432\u0435\u043d\u0442\u0438\u043b\u044f\u0446\u0438\u043e\u043d\u043d\u044b\u0445 \u0441\u0438\u0441\u0442\u0435\u043c<\/p>","protected":false},"author":1,"featured_media":0,"parent":0,"menu_order":0,"comment_status":"closed","ping_status":"closed","template":"","meta":{"footnotes":""},"class_list":["post-769","page","type-page","status-publish","hentry"],"aioseo_notices":[],"_links":{"self":[{"href":"https:\/\/www.idnvent.ee\/et\/wp-json\/wp\/v2\/pages\/769","targetHints":{"allow":["GET"]}}],"collection":[{"href":"https:\/\/www.idnvent.ee\/et\/wp-json\/wp\/v2\/pages"}],"about":[{"href":"https:\/\/www.idnvent.ee\/et\/wp-json\/wp\/v2\/types\/page"}],"author":[{"embeddable":true,"href":"https:\/\/www.idnvent.ee\/et\/wp-json\/wp\/v2\/users\/1"}],"replies":[{"embeddable":true,"href":"https:\/\/www.idnvent.ee\/et\/wp-json\/wp\/v2\/comments?post=769"}],"version-history":[{"count":41,"href":"https:\/\/www.idnvent.ee\/et\/wp-json\/wp\/v2\/pages\/769\/revisions"}],"predecessor-version":[{"id":1270,"href":"https:\/\/www.idnvent.ee\/et\/wp-json\/wp\/v2\/pages\/769\/revisions\/1270"}],"wp:attachment":[{"href":"https:\/\/www.idnvent.ee\/et\/wp-json\/wp\/v2\/media?parent=769"}],"curies":[{"name":"wp","href":"https:\/\/api.w.org\/{rel}","templated":true}]}}